{"id":2,"date":"2026-01-12T11:49:02","date_gmt":"2026-01-12T11:49:02","guid":{"rendered":"https:\/\/talleresetorri.rkinformatika.online\/?page_id=2"},"modified":"2026-01-12T17:13:41","modified_gmt":"2026-01-12T17:13:41","slug":"inicio","status":"publish","type":"page","link":"https:\/\/talleresetorri.es\/eu\/","title":{"rendered":"Hasiera"},"content":{"rendered":"<div data-elementor-type=\"wp-page\" data-elementor-id=\"2\" class=\"elementor elementor-2\" data-elementor-post-type=\"page\">\n\t\t\t\t<div class=\"elementor-element elementor-element-d3b6fa2 e-flex e-con-boxed e-con e-parent\" data-id=\"d3b6fa2\" data-element_type=\"container\" data-e-type=\"container\" data-settings=\"{&quot;background_background&quot;:&quot;classic&quot;}\">\n\t\t\t\t\t<div class=\"e-con-inner\">\n\t\t\t\t<div class=\"elementor-element elementor-element-685a04e eael-dual-header-content-align-left eael-dual-header-content-tablet-align-center elementor-widget__width-initial elementor-invisible elementor-widget elementor-widget-eael-dual-color-header\" data-id=\"685a04e\" data-element_type=\"widget\" data-e-type=\"widget\" data-settings=\"{&quot;_animation&quot;:&quot;fadeInDown&quot;}\" data-widget_type=\"eael-dual-color-header.default\">\n\t\t\t\t\t\t\t\t<div class=\"eael-dual-header\">\n\t\t\t\t<h2 class=\"title eael-dch-title\"><span class=\"eael-dch-title-text eael-dch-title-lead lead solid-color\">Mekanika  <\/span> <span class=\"eael-dch-title-text\">Orokorra<\/span><\/h2>\t\t\t\t\t<span class=\"subtext\"><p>Zure konfiantzazko tailerra Basaurin<\/p><\/span>\n\t\t\t\t\t\t\t<\/div>\n\n\t\t\t\t\t\t<\/div>\n\t\t\t\t\t<\/div>\n\t\t\t\t<\/div>\n\t\t<div class=\"elementor-element elementor-element-3a0cad5 e-flex e-con-boxed e-con e-parent\" data-id=\"3a0cad5\" data-element_type=\"container\" data-e-type=\"container\">\n\t\t\t\t\t<div class=\"e-con-inner\">\n\t\t<div class=\"elementor-element elementor-element-8941d76 e-con-full e-flex e-con e-child\" data-id=\"8941d76\" data-element_type=\"container\" data-e-type=\"container\">\n\t\t\t\t<div class=\"elementor-element elementor-element-814d8c6 elementor-invisible elementor-widget elementor-widget-heading\" data-id=\"814d8c6\" data-element_type=\"widget\" data-e-type=\"widget\" data-settings=\"{&quot;_animation&quot;:&quot;fadeIn&quot;,&quot;_animation_delay&quot;:100}\" data-widget_type=\"heading.default\">\n\t\t\t\t\t<h2 class=\"elementor-heading-title elementor-size-default\">Guri Buruz<\/h2>\t\t\t\t<\/div>\n\t\t\t\t<div class=\"elementor-element elementor-element-9f60532 elementor-widget elementor-widget-text-editor\" data-id=\"9f60532\" data-element_type=\"widget\" data-e-type=\"widget\" data-widget_type=\"text-editor.default\">\n\t\t\t\t\t\t\t\t\t<p>Etorri tailerretan, izugarri gustatzen zaigu zure ibilgailua gurea balitz bezala zaintzea. Gure misioa bisita bakoitzean aparteko zerbitzua eta erabateko konfiantza ematea da, bezero bakoitza pozik aterako dela ziurtatuz.<\/p>\n<p>Kualifikazio handiko gure profesional taldeak kalitatezko tresnak erabiltzen ditu konponketa zehatz eta iraunkorrak bermatzeko.<\/p>\t\t\t\t\t\t\t\t<\/div>\n\t\t\t\t<\/div>\n\t\t<div class=\"elementor-element elementor-element-809c673 e-con-full e-flex e-con e-child\" data-id=\"809c673\" data-element_type=\"container\" data-e-type=\"container\">\n\t\t\t\t<div class=\"elementor-element elementor-element-9ce3ff0 elementor-widget elementor-widget-image\" data-id=\"9ce3ff0\" data-element_type=\"widget\" data-e-type=\"widget\" data-widget_type=\"image.default\">\n\t\t\t\t\t\t\t\t\t\t\t\t\t\t\t<img fetchpriority=\"high\" decoding=\"async\" width=\"800\" height=\"534\" src=\"https:\/\/talleresetorri.es\/wp-content\/uploads\/2026\/01\/1299.jpg\" class=\"attachment-large size-large wp-image-219\" alt=\"\" srcset=\"https:\/\/talleresetorri.es\/wp-content\/uploads\/2026\/01\/1299.jpg 1000w, https:\/\/talleresetorri.es\/wp-content\/uploads\/2026\/01\/1299-300x200.jpg 300w, https:\/\/talleresetorri.es\/wp-content\/uploads\/2026\/01\/1299-768x512.jpg 768w, https:\/\/talleresetorri.es\/wp-content\/uploads\/2026\/01\/1299-18x12.jpg 18w\" sizes=\"(max-width: 800px) 100vw, 800px\" \/>\t\t\t\t\t\t\t\t\t\t\t\t\t\t\t<\/div>\n\t\t\t\t<\/div>\n\t\t\t\t\t<\/div>\n\t\t\t\t<\/div>\n\t\t<div class=\"elementor-element elementor-element-4a44779 e-flex e-con-boxed e-con e-parent\" data-id=\"4a44779\" data-element_type=\"container\" data-e-type=\"container\" data-settings=\"{&quot;background_background&quot;:&quot;classic&quot;}\">\n\t\t\t\t\t<div class=\"e-con-inner\">\n\t\t\t\t<div class=\"elementor-element elementor-element-3fda4a3 elementor-invisible elementor-widget elementor-widget-heading\" data-id=\"3fda4a3\" data-element_type=\"widget\" data-e-type=\"widget\" data-settings=\"{&quot;_animation&quot;:&quot;fadeInUp&quot;}\" data-widget_type=\"heading.default\">\n\t\t\t\t\t<h2 class=\"elementor-heading-title elementor-size-default\">At Talleres Etorri, your satisfaction is our priority, and we strive to exceed your expectations with every service!<\/h2>\t\t\t\t<\/div>\n\t\t\t\t<div class=\"elementor-element elementor-element-503d2e4 elementor-invisible elementor-widget elementor-widget-button\" data-id=\"503d2e4\" data-element_type=\"widget\" data-e-type=\"widget\" data-settings=\"{&quot;_animation&quot;:&quot;fadeInLeft&quot;}\" data-widget_type=\"button.default\">\n\t\t\t\t\t\t\t\t\t\t<a class=\"elementor-button elementor-button-link elementor-size-sm elementor-animation-float\" href=\"\/eu\/servicios\/\">\n\t\t\t\t\t\t<span class=\"elementor-button-content-wrapper\">\n\t\t\t\t\t\t\t\t\t<span class=\"elementor-button-text\">Zerbitzuak<\/span>\n\t\t\t\t\t<\/span>\n\t\t\t\t\t<\/a>\n\t\t\t\t\t\t\t\t<\/div>\n\t\t\t\t\t<\/div>\n\t\t\t\t<\/div>\n\t\t<div class=\"elementor-element elementor-element-7dac1f8 e-flex e-con-boxed e-con e-parent\" data-id=\"7dac1f8\" data-element_type=\"container\" data-e-type=\"container\">\n\t\t\t\t\t<div class=\"e-con-inner\">\n\t\t<div class=\"elementor-element elementor-element-b1ac41c e-con-full e-flex e-con e-child\" data-id=\"b1ac41c\" data-element_type=\"container\" data-e-type=\"container\">\n\t\t\t\t<div class=\"elementor-element elementor-element-540f333 elementor-invisible elementor-widget elementor-widget-heading\" data-id=\"540f333\" data-element_type=\"widget\" data-e-type=\"widget\" data-settings=\"{&quot;_animation&quot;:&quot;fadeIn&quot;,&quot;_animation_delay&quot;:100}\" data-widget_type=\"heading.default\">\n\t\t\t\t\t<h2 class=\"elementor-heading-title elementor-size-default\">Zure autoa, esku onetan!<\/h2>\t\t\t\t<\/div>\n\t\t\t\t<div class=\"elementor-element elementor-element-9b1c30f elementor-widget elementor-widget-text-editor\" data-id=\"9b1c30f\" data-element_type=\"widget\" data-e-type=\"widget\" data-widget_type=\"text-editor.default\">\n\t\t\t\t\t\t\t\t\t<p>Zure lasaitasunerako, gure lanaren kalitatea bermatzen duen berme batek babesten ditu gure konponketa guztiak.<\/p>\n<p>Zure denboraren garrantzia ulertzen dugu, horregatik aldez aurreko hitzorduarekin lan egiten dugu eta adostutako epeak betetzen ditugu.<\/p>\t\t\t\t\t\t\t\t<\/div>\n\t\t\t\t<\/div>\n\t\t<div class=\"elementor-element elementor-element-7d8c016 e-con-full e-flex e-con e-child\" data-id=\"7d8c016\" data-element_type=\"container\" data-e-type=\"container\">\n\t\t\t\t<div class=\"elementor-element elementor-element-907ea4e elementor-widget elementor-widget-image\" data-id=\"907ea4e\" data-element_type=\"widget\" data-e-type=\"widget\" data-widget_type=\"image.default\">\n\t\t\t\t\t\t\t\t\t\t\t\t\t\t\t<img decoding=\"async\" width=\"800\" height=\"448\" src=\"https:\/\/talleresetorri.es\/wp-content\/uploads\/2026\/01\/462179.jpg\" class=\"attachment-large size-large wp-image-213\" alt=\"\" srcset=\"https:\/\/talleresetorri.es\/wp-content\/uploads\/2026\/01\/462179.jpg 1000w, https:\/\/talleresetorri.es\/wp-content\/uploads\/2026\/01\/462179-300x168.jpg 300w, https:\/\/talleresetorri.es\/wp-content\/uploads\/2026\/01\/462179-768x430.jpg 768w, https:\/\/talleresetorri.es\/wp-content\/uploads\/2026\/01\/462179-18x10.jpg 18w\" sizes=\"(max-width: 800px) 100vw, 800px\" \/>\t\t\t\t\t\t\t\t\t\t\t\t\t\t\t<\/div>\n\t\t\t\t<\/div>\n\t\t\t\t\t<\/div>\n\t\t\t\t<\/div>\n\t\t\t\t<\/div>","protected":false},"excerpt":{"rendered":"<p>Mec\u00e1nica en General Tu taller de confianza en Basauri Sobre Nosotros En Talleres Etorri, nos apasiona cuidar de tu veh\u00edculo como si fuera nuestro.Nuestra misi\u00f3n es proporcionar un servicio excepcional y confianza total en cada visita, asegurando que cada cliente salga satisfecho. Nuestro equipo de profesionales altamente cualificados utiliza herramientas de calidad para garantizar reparaciones [&hellip;]<\/p>\n","protected":false},"author":1,"featured_media":0,"parent":0,"menu_order":0,"comment_status":"closed","ping_status":"closed","template":"elementor_canvas","meta":{"footnotes":""},"class_list":["post-2","page","type-page","status-publish","hentry"],"yoast_head":"<!-- This site is optimized with the Yoast SEO plugin v27.5 - https:\/\/yoast.com\/product\/yoast-seo-wordpress\/ -->\n<title>Inicio - Talleres Etorri<\/title>\n<meta name=\"robots\" content=\"index, follow, max-snippet:-1, max-image-preview:large, max-video-preview:-1\" \/>\n<link rel=\"canonical\" href=\"https:\/\/talleresetorri.es\/eu\/\" \/>\n<meta property=\"og:locale\" content=\"en_US\" \/>\n<meta property=\"og:type\" content=\"article\" \/>\n<meta property=\"og:title\" content=\"Inicio - Talleres Etorri\" \/>\n<meta property=\"og:description\" content=\"Mec\u00e1nica en General Tu taller de confianza en Basauri Sobre Nosotros En Talleres Etorri, nos apasiona cuidar de tu veh\u00edculo como si fuera nuestro.Nuestra misi\u00f3n es proporcionar un servicio excepcional y confianza total en cada visita, asegurando que cada cliente salga satisfecho. Nuestro equipo de profesionales altamente cualificados utiliza herramientas de calidad para garantizar reparaciones [&hellip;]\" \/>\n<meta property=\"og:url\" content=\"https:\/\/talleresetorri.es\/eu\/\" \/>\n<meta property=\"og:site_name\" content=\"Talleres Etorri\" \/>\n<meta property=\"article:modified_time\" content=\"2026-01-12T17:13:41+00:00\" \/>\n<meta property=\"og:image\" content=\"https:\/\/talleresetorri.es\/wp-content\/uploads\/2026\/01\/1299.jpg\" \/>\n<meta name=\"twitter:card\" content=\"summary_large_image\" \/>\n<meta name=\"twitter:label1\" content=\"Est. reading time\" \/>\n\t<meta name=\"twitter:data1\" content=\"1 minutua\" \/>\n<script type=\"application\/ld+json\" class=\"yoast-schema-graph\">{\"@context\":\"https:\\\/\\\/schema.org\",\"@graph\":[{\"@type\":\"WebPage\",\"@id\":\"https:\\\/\\\/talleresetorri.es\\\/\",\"url\":\"https:\\\/\\\/talleresetorri.es\\\/\",\"name\":\"Inicio - Talleres Etorri\",\"isPartOf\":{\"@id\":\"https:\\\/\\\/talleresetorri.es\\\/#website\"},\"primaryImageOfPage\":{\"@id\":\"https:\\\/\\\/talleresetorri.es\\\/#primaryimage\"},\"image\":{\"@id\":\"https:\\\/\\\/talleresetorri.es\\\/#primaryimage\"},\"thumbnailUrl\":\"https:\\\/\\\/talleresetorri.es\\\/wp-content\\\/uploads\\\/2026\\\/01\\\/1299.jpg\",\"datePublished\":\"2026-01-12T11:49:02+00:00\",\"dateModified\":\"2026-01-12T17:13:41+00:00\",\"breadcrumb\":{\"@id\":\"https:\\\/\\\/talleresetorri.es\\\/#breadcrumb\"},\"inLanguage\":\"eu\",\"potentialAction\":[{\"@type\":\"ReadAction\",\"target\":[\"https:\\\/\\\/talleresetorri.es\\\/\"]}]},{\"@type\":\"ImageObject\",\"inLanguage\":\"eu\",\"@id\":\"https:\\\/\\\/talleresetorri.es\\\/#primaryimage\",\"url\":\"https:\\\/\\\/talleresetorri.es\\\/wp-content\\\/uploads\\\/2026\\\/01\\\/1299.jpg\",\"contentUrl\":\"https:\\\/\\\/talleresetorri.es\\\/wp-content\\\/uploads\\\/2026\\\/01\\\/1299.jpg\"},{\"@type\":\"BreadcrumbList\",\"@id\":\"https:\\\/\\\/talleresetorri.es\\\/#breadcrumb\",\"itemListElement\":[{\"@type\":\"ListItem\",\"position\":1,\"name\":\"Portada\",\"item\":\"https:\\\/\\\/talleresetorri.es\\\/\"},{\"@type\":\"ListItem\",\"position\":2,\"name\":\"Inicio\"}]},{\"@type\":\"WebSite\",\"@id\":\"https:\\\/\\\/talleresetorri.es\\\/#website\",\"url\":\"https:\\\/\\\/talleresetorri.es\\\/\",\"name\":\"Talleres Etorri\",\"description\":\"Talleres Etorri\",\"publisher\":{\"@id\":\"https:\\\/\\\/talleresetorri.es\\\/#organization\"},\"potentialAction\":[{\"@type\":\"SearchAction\",\"target\":{\"@type\":\"EntryPoint\",\"urlTemplate\":\"https:\\\/\\\/talleresetorri.es\\\/?s={search_term_string}\"},\"query-input\":{\"@type\":\"PropertyValueSpecification\",\"valueRequired\":true,\"valueName\":\"search_term_string\"}}],\"inLanguage\":\"eu\"},{\"@type\":\"Organization\",\"@id\":\"https:\\\/\\\/talleresetorri.es\\\/#organization\",\"name\":\"Talleres Etorri\",\"url\":\"https:\\\/\\\/talleresetorri.es\\\/\",\"logo\":{\"@type\":\"ImageObject\",\"inLanguage\":\"eu\",\"@id\":\"https:\\\/\\\/talleresetorri.es\\\/#\\\/schema\\\/logo\\\/image\\\/\",\"url\":\"https:\\\/\\\/talleresetorri.es\\\/wp-content\\\/uploads\\\/2026\\\/01\\\/logo_trans-removebg-preview.png\",\"contentUrl\":\"https:\\\/\\\/talleresetorri.es\\\/wp-content\\\/uploads\\\/2026\\\/01\\\/logo_trans-removebg-preview.png\",\"width\":661,\"height\":378,\"caption\":\"Talleres Etorri\"},\"image\":{\"@id\":\"https:\\\/\\\/talleresetorri.es\\\/#\\\/schema\\\/logo\\\/image\\\/\"}}]}<\/script>\n<!-- \/ Yoast SEO plugin. -->","yoast_head_json":{"title":"Inicio - Talleres Etorri","robots":{"index":"index","follow":"follow","max-snippet":"max-snippet:-1","max-image-preview":"max-image-preview:large","max-video-preview":"max-video-preview:-1"},"canonical":"https:\/\/talleresetorri.es\/eu\/","og_locale":"en_US","og_type":"article","og_title":"Inicio - Talleres Etorri","og_description":"Mec\u00e1nica en General Tu taller de confianza en Basauri Sobre Nosotros En Talleres Etorri, nos apasiona cuidar de tu veh\u00edculo como si fuera nuestro.Nuestra misi\u00f3n es proporcionar un servicio excepcional y confianza total en cada visita, asegurando que cada cliente salga satisfecho. Nuestro equipo de profesionales altamente cualificados utiliza herramientas de calidad para garantizar reparaciones [&hellip;]","og_url":"https:\/\/talleresetorri.es\/eu\/","og_site_name":"Talleres Etorri","article_modified_time":"2026-01-12T17:13:41+00:00","og_image":[{"url":"https:\/\/talleresetorri.es\/wp-content\/uploads\/2026\/01\/1299.jpg","type":"","width":"","height":""}],"twitter_card":"summary_large_image","twitter_misc":{"Est. reading time":"1 minutua"},"schema":{"@context":"https:\/\/schema.org","@graph":[{"@type":"WebPage","@id":"https:\/\/talleresetorri.es\/","url":"https:\/\/talleresetorri.es\/","name":"Inicio - Talleres Etorri","isPartOf":{"@id":"https:\/\/talleresetorri.es\/#website"},"primaryImageOfPage":{"@id":"https:\/\/talleresetorri.es\/#primaryimage"},"image":{"@id":"https:\/\/talleresetorri.es\/#primaryimage"},"thumbnailUrl":"https:\/\/talleresetorri.es\/wp-content\/uploads\/2026\/01\/1299.jpg","datePublished":"2026-01-12T11:49:02+00:00","dateModified":"2026-01-12T17:13:41+00:00","breadcrumb":{"@id":"https:\/\/talleresetorri.es\/#breadcrumb"},"inLanguage":"eu","potentialAction":[{"@type":"ReadAction","target":["https:\/\/talleresetorri.es\/"]}]},{"@type":"ImageObject","inLanguage":"eu","@id":"https:\/\/talleresetorri.es\/#primaryimage","url":"https:\/\/talleresetorri.es\/wp-content\/uploads\/2026\/01\/1299.jpg","contentUrl":"https:\/\/talleresetorri.es\/wp-content\/uploads\/2026\/01\/1299.jpg"},{"@type":"BreadcrumbList","@id":"https:\/\/talleresetorri.es\/#breadcrumb","itemListElement":[{"@type":"ListItem","position":1,"name":"Portada","item":"https:\/\/talleresetorri.es\/"},{"@type":"ListItem","position":2,"name":"Inicio"}]},{"@type":"WebSite","@id":"https:\/\/talleresetorri.es\/#website","url":"https:\/\/talleresetorri.es\/","name":"Talleres Etorri","description":"Talleres Etorri","publisher":{"@id":"https:\/\/talleresetorri.es\/#organization"},"potentialAction":[{"@type":"SearchAction","target":{"@type":"EntryPoint","urlTemplate":"https:\/\/talleresetorri.es\/?s={search_term_string}"},"query-input":{"@type":"PropertyValueSpecification","valueRequired":true,"valueName":"search_term_string"}}],"inLanguage":"eu"},{"@type":"Organization","@id":"https:\/\/talleresetorri.es\/#organization","name":"Talleres Etorri","url":"https:\/\/talleresetorri.es\/","logo":{"@type":"ImageObject","inLanguage":"eu","@id":"https:\/\/talleresetorri.es\/#\/schema\/logo\/image\/","url":"https:\/\/talleresetorri.es\/wp-content\/uploads\/2026\/01\/logo_trans-removebg-preview.png","contentUrl":"https:\/\/talleresetorri.es\/wp-content\/uploads\/2026\/01\/logo_trans-removebg-preview.png","width":661,"height":378,"caption":"Talleres Etorri"},"image":{"@id":"https:\/\/talleresetorri.es\/#\/schema\/logo\/image\/"}}]}},"_links":{"self":[{"href":"https:\/\/talleresetorri.es\/eu\/wp-json\/wp\/v2\/pages\/2","targetHints":{"allow":["GET"]}}],"collection":[{"href":"https:\/\/talleresetorri.es\/eu\/wp-json\/wp\/v2\/pages"}],"about":[{"href":"https:\/\/talleresetorri.es\/eu\/wp-json\/wp\/v2\/types\/page"}],"author":[{"embeddable":true,"href":"https:\/\/talleresetorri.es\/eu\/wp-json\/wp\/v2\/users\/1"}],"replies":[{"embeddable":true,"href":"https:\/\/talleresetorri.es\/eu\/wp-json\/wp\/v2\/comments?post=2"}],"version-history":[{"count":83,"href":"https:\/\/talleresetorri.es\/eu\/wp-json\/wp\/v2\/pages\/2\/revisions"}],"predecessor-version":[{"id":460,"href":"https:\/\/talleresetorri.es\/eu\/wp-json\/wp\/v2\/pages\/2\/revisions\/460"}],"wp:attachment":[{"href":"https:\/\/talleresetorri.es\/eu\/wp-json\/wp\/v2\/media?parent=2"}],"curies":[{"name":"wp","href":"https:\/\/api.w.org\/{rel}","templated":true}]}}